{"id":1008,"date":"2019-02-06T16:53:43","date_gmt":"2019-02-06T15:53:43","guid":{"rendered":"http:\/\/gradschool.eiphi.ubfc.fr\/?page_id=1008"},"modified":"2023-11-08T21:23:29","modified_gmt":"2023-11-08T20:23:29","slug":"international","status":"publish","type":"page","link":"https:\/\/gradschool.eiphi.ubfc.fr\/?page_id=1008","title":{"rendered":"International"},"content":{"rendered":"\n<h1 class=\"has-text-align-center wp-block-heading\"><strong>Research Partners<\/strong><\/h1>\n\n\n<div class=\"wp-block-image\">\n<figure class=\"aligncenter size-full is-resized\"><img loading=\"lazy\" decoding=\"async\" src=\"https:\/\/gradschool.eiphi.ubfc.fr\/wp-content\/uploads\/2023\/09\/Sans-titre.png\" alt=\"\" class=\"wp-image-4355\" width=\"959\" height=\"351\" srcset=\"https:\/\/gradschool.eiphi.ubfc.fr\/wp-content\/uploads\/2023\/09\/Sans-titre.png 1279w, https:\/\/gradschool.eiphi.ubfc.fr\/wp-content\/uploads\/2023\/09\/Sans-titre-300x110.png 300w, https:\/\/gradschool.eiphi.ubfc.fr\/wp-content\/uploads\/2023\/09\/Sans-titre-768x282.png 768w\" sizes=\"auto, (max-width: 959px) 100vw, 959px\" \/><\/figure><\/div>\n\n\n<h1 class=\"has-text-align-center wp-block-heading\"><strong>Academic Partners<\/strong><\/h1>\n\n\n<div class=\"wp-block-image\">\n<figure class=\"aligncenter size-large\"><img loading=\"lazy\" decoding=\"async\" width=\"1500\" height=\"865\" src=\"https:\/\/gradschool.eiphi.ubfc.fr\/wp-content\/uploads\/2023\/11\/map-international-1-1500x865.png\" alt=\"\" class=\"wp-image-4540\" srcset=\"https:\/\/gradschool.eiphi.ubfc.fr\/wp-content\/uploads\/2023\/11\/map-international-1-1500x865.png 1500w, https:\/\/gradschool.eiphi.ubfc.fr\/wp-content\/uploads\/2023\/11\/map-international-1-300x173.png 300w, https:\/\/gradschool.eiphi.ubfc.fr\/wp-content\/uploads\/2023\/11\/map-international-1-768x443.png 768w, https:\/\/gradschool.eiphi.ubfc.fr\/wp-content\/uploads\/2023\/11\/map-international-1.png 1528w\" sizes=\"auto, (max-width: 1500px) 100vw, 1500px\" \/><\/figure><\/div>\n\n\n<h2 class=\"wp-block-heading\"><strong>Double Degree programs:<\/strong><\/h2>\n\n\n\n<div class=\"wp-block-columns is-layout-flex wp-container-core-columns-is-layout-1 wp-block-columns-is-layout-flex\">\n<div class=\"wp-block-column is-layout-flow wp-block-column-is-layout-flow\" style=\"flex-basis:100%\">\n<ul class=\"wp-block-list\">\n<li>Universitat de Girona (UdG, Girona Spain), Master &amp; PhD level, Disciplines: Computer Science (ERASMUS MUNDUS MAiA)<\/li>\n\n\n\n<li>University of Cassino and Southern Lazio (Unicas, Cassino Italy), Master &amp; PhD level, Disciplines: Computer Science (ERASMUS MUNDUS MAiA)<\/li>\n\n\n\n<li>Rheinland Pf\u00e4lzische Technische Universit\u00e4t Kaiserslautern-Landau (RPTU, Kaiserslautern Germany) Discipline: Physics (ERASMUS MUNDUS QuanteeM)<\/li>\n\n\n\n<li>Aarhus University (AU,Aarhus Danemark) Discipline: Physics (ERASMUS MUNDUS QuanteeM)<\/li>\n\n\n\n<li>INSTITUTO TECNOLOGICO METROPOITANO (ITM Medellin, Colombia), Master &amp; PhD level, Disciplime: Microtechnologies<\/li>\n\n\n\n<li>University of Chemistry and Technology of Prague (UCT Prague, Czech Republic), Master &amp; PhD level, Disciplines: Chemistry<\/li>\n\n\n\n<li>Russian-Armenian University (RAU, Armenia), Master level; Discipline: Physics<\/li>\n\n\n\n<li>Yerevan State University (YSU, Armenia), Master level, Discipline : Physics<\/li>\n\n\n\n<li>Dedan Kimathi University of Technology (DKUT, Nyeri Kenya), Master level, Discipline: Automation and Robotics<\/li>\n\n\n\n<li>Yerevan State University (YSU, Armenia), Master level, Disciplines: Biology, Physico-Chemistry<\/li>\n\n\n\n<li>Centro de lnvestigaciones en \u00f3ptica, A. C. (M\u00e9xico), Master level, Disciplines: Optomechatronics<\/li>\n\n\n\n<li>Tomsk Polytechnic University (TPU, Russia), Master level, Discipline : Physics<\/li>\n<\/ul>\n<\/div>\n<\/div>\n\n\n\n<h2 class=\"wp-block-heading\"><strong>Student and Faculty Exchange programs:<\/strong><\/h2>\n\n\n\n<ol class=\"wp-block-list\">\n<li>University of Sarajevo Disciplines: Engineering Science, Physics &amp; Mathematics<\/li>\n\n\n\n<li>UNIVERSITE DU QUEBEC A CHICOUTIMI (Chicoutimi, CANADA) All Disciplines<\/li>\n\n\n\n<li>ECOLE DE TECHNOLOGIE SUPERIEURE (Montr\u00e9al, CANADA) All Disciplines<\/li>\n\n\n\n<li>UNIVERSITE DU QUEBEC A TROIS-RIVIERES (Trois Rivi\u00e8res, CANADA) All Disciplines<\/li>\n\n\n\n<li>UNIVERSIDAD DE GUANAJUATO (Guanajuato, MEXIQUE) All Disciplines<\/li>\n\n\n\n<li>UNIVERSITE FEDERALE DE BAHIA (Salvador, BRESIL) All Disciplines<\/li>\n\n\n\n<li>UNIVERSIDADE FEDERAL FLUMINENSE (Niteroi, BRESIL) All Disciplines<\/li>\n\n\n\n<li>UNIVERSIDADE FERDERAL DE MINAS GERAIS (Belo Horizonte, BRESIL) All Disciplines<\/li>\n\n\n\n<li>UNIVERSIDADE FEDERAL DO RIO DE JANEIRO (Rio de Janeiro, BRESIL) All Disciplines<\/li>\n\n\n\n<li>UNIVERSIDADE DO ESTADO DE SANTA CATARINA (Florianopolis, BRESIL) All Disciplines<\/li>\n\n\n\n<li>UNIVERSIDAD DE INVESTIGACTION Y DESAROLLO (Bucaramanga, COLOMBIE) All Disciplines<\/li>\n\n\n\n<li>UNIVERSITE NATIONALE DE COLOMBIE (Bogota, COLOMBIE) All Disciplines<\/li>\n\n\n\n<li>UNIVERSIDAD DE ANTIOQUIA (Medellin, COLOMBIE) All Disciplines<\/li>\n\n\n\n<li>UNIVERSIDAD RICARDO PALMA (Lima, PEROU) All Disciplines<\/li>\n\n\n\n<li>UNIVERSITE CATHOLIQUE SANTA MARIA (Arequipa, PEROU) All Disciplines<\/li>\n\n\n\n<li>UNIVERSITE DE L&#8217;ANHUI (Hefei, CHINE\/TAIWAN) All Disciplines<\/li>\n\n\n\n<li>UNIVERSITE DE TAMKANG (Tamkang &#8211; Taiwan, CHINE\/TAIWAN) All Disciplines<\/li>\n\n\n\n<li>NATIONAL CENTRAL UNIVERSITY (Taoyuan &#8211; Taiwan, CHINE\/TAIWAN) All Disciplines<\/li>\n\n\n\n<li>SUNGSHIN WOMEN&#8217;SUNIVERSITY (Seoul, COREE DU SUD) All Disciplines<\/li>\n\n\n\n<li>UNIVERSITE NATIONALE DE KONGJU (Geongju, COREE DU SUD) All Disciplines<\/li>\n\n\n\n<li>JEONBUK NATIONAL UNIVERSITY (Jeonju, COREE DU SUD) All Disciplines<\/li>\n\n\n\n<li>UNIVERSITE NATIONALE DE GYEONGSANG (Jinju, COREE DU SUD) All Disciplines<\/li>\n\n\n\n<li>PUSAN NATIONAL UNIVERSITY (Busan, COREE DU SUD) All Disciplines<\/li>\n\n\n\n<li>AJOU UNIVERSITY (Suwon, COREE DU SUD) All Disciplines<\/li>\n\n\n\n<li>HANNAM UNIVERSITY (Daejeon, COREE DU SUD) All Disciplines<\/li>\n\n\n\n<li>UNIVERSITE NATIONALE DE CHUNGBUK (Cheongju, COREE DU SUD) All Disciplines<\/li>\n\n\n\n<li>KINDAI UNIVERSITY (Higashiosaka, JAPON) All Disciplines<\/li>\n\n\n\n<li>NAGOYA UNIVERSITY OF FOREIGN STUDIES (Nagoya, JAPON) All Disciplines<\/li>\n\n\n\n<li>UNIVERSITE AOYAMA GAKUIN (Tokyo, JAPON) All Disciplines<\/li>\n\n\n\n<li>UNIVERSITE TOYO (Toyo, JAPON) All Disciplines<\/li>\n\n\n\n<li>UNIVERSITE DOKKYO (Soka, JAPON) All Disciplines<\/li>\n\n\n\n<li>UNIVERSITE SEINAN GAKUIN (Fukuoka, JAPON) All Disciplines<\/li>\n\n\n\n<li>UNIVERSITY OF TSUKUBA (Tsukuba, JAPON) All Disciplines<\/li>\n\n\n\n<li>SOPHIA UNIVERSITY (Tokyo, JAPON) All Disciplines<\/li>\n\n\n\n<li>THAMMASAT UNIVERSITY (Bangkok, THAILANDE) All Disciplines<\/li>\n\n\n\n<li>UNIVERSITE DE HANOI (Hanoi, VIETNAM) All Disciplines<\/li>\n\n\n\n<li>UNIVERSITE DE THUONGMAI (Hanoi, VIETNAM) All Disciplines<\/li>\n\n\n\n<li>UNIVERSITE LIBANAISE (Beyrouth, LIBAN) All Disciplines<\/li>\n\n\n\n<li>Saint-Petersburg State University of Information Technologies, Mechanics And Optics (ITMO, Russia), Disciplines: Chemistry, Physics, Mathematics, Biology, Physico-Chemistry, Rare Book, Automation and Robotics, Internet of Things<\/li>\n\n\n\n<li>Technical University of Kaiserslautern (TUK, Germany), Disciplines: Physics, Mathematics<\/li>\n\n\n\n<li>Novosibirsk State Technical University (NSTU, Russia), Disciplines: Physics, Mathematics, Cultural Engineering<\/li>\n\n\n\n<li>Shanghai University (SHU, China), Disciplines: Physics, Mathematics<\/li>\n\n\n\n<li>Moscow Institute of Physics and Technology (MIPT, Russia), Disciplines: Physics<\/li>\n\n\n\n<li>Russian-Armenian University (RAU, Armenia)<\/li>\n\n\n\n<li>Yerevan State University (YSU, Armenia)<\/li>\n<\/ol>\n\n\n\n<h2 class=\"wp-block-heading\"><strong><strong>Erasmus + Cooperation Agreements:<\/strong><\/strong><\/h2>\n\n\n\n<ol class=\"wp-block-list\">\n<li>University of Belgrade All Disciplines<\/li>\n\n\n\n<li>South East European University Discipline: Computer Science<\/li>\n\n\n\n<li>Ecole polytechnique f\u00e9d\u00e9rale de Lausanne (LAUSANNE, SUISSE), All Disciplines<\/li>\n\n\n\n<li>Cyprus University of Technology (LIMASSOL, CHYPRE), All Disciplines<\/li>\n\n\n\n<li>University of Cyprus (NICOSIA, CHYPRE), All Disciplines<\/li>\n\n\n\n<li>Technicka Univerzita v Liberci (LIBEREC, REP. TCHEQUE), All Disciplines<\/li>\n\n\n\n<li>Univerzita Karlova v Praze (PRAHA, REP. TCHEQUE), All Disciplines<\/li>\n\n\n\n<li>Cesk\u00e9 Vysok\u00e9 Uceni Technick\u00e9 v Praze (PRAHA, REP. TCHEQUE), All Disciplines<\/li>\n\n\n\n<li>Hochschule f\u00fcr Technik und Wirtschaft (AALEN, ALLEMAGNE), All Disciplines<\/li>\n\n\n\n<li>Hochschule f\u00fcr Angewandte Wissenschaften Hamburg (HAMBURG, ALLEMAGNE), All Disciplines <\/li>\n\n\n\n<li>Duale Hochschule Baden- W\u00fcrttemberg Mosbach (MOSBACH, ALLEMAGNE), All Disciplines <\/li>\n\n\n\n<li>Universit\u00e4t Osnabr\u00fcck (OSNABR\u00dcCK, ALLEMAGNE), All Disciplines<\/li>\n\n\n\n<li>Eberhard-Karls-Universit\u00e4t T\u00fcbingen (T\u00dcBINGEN, ALLEMAGNE), All Disciplines<\/li>\n\n\n\n<li>Universit\u00e4t Ulm (ULM, ALLEMAGNE), All Disciplines<\/li>\n\n\n\n<li>Universidad de Alicante (ALICANTE, ESPAGNE), All Disciplines<\/li>\n\n\n\n<li>Universitat Politecnica de Catalunya (BARCELONA, ESPAGNE), All Disciplines<\/li>\n\n\n\n<li>Universidad Miguel Hernandez de Elche (ELCHE, ESPAGNE), All Disciplines<\/li>\n\n\n\n<li>Universidad Complutense de Madrid (MADRID, ESPAGNE), All Disciplines<\/li>\n\n\n\n<li>Mondragon Unibersitatea (MONDRAGON\/ARRASATE, ESPAGNE), All Disciplines<\/li>\n\n\n\n<li>Universidad de Oviedo (OVIEDO, ESPAGNE), All Disciplines<\/li>\n\n\n\n<li>Universitat de Valencia (Estudi General) (VALENCIA, ESPAGNE), All Disciplines<\/li>\n\n\n\n<li>Universidad de Valladolid (VALLADOLID \/ SORIA, ESPAGNE), All Disciplines<\/li>\n\n\n\n<li>Universidad de Zaragoza (ZARAGOZA, ESPAGNE), All Disciplines<\/li>\n\n\n\n<li>Tallinn University of Technology (TALLINN, ESTONIE), All Disciplines<\/li>\n\n\n\n<li>University of Thessaly (VOLOS \/ LARISSA, GRECE), All Disciplines<\/li>\n\n\n\n<li>Universit\u00e9 de Miskolc (MISKOLC, HONGRIE), All Disciplines<\/li>\n\n\n\n<li>Universit\u00e0 degli studi di Bari Aldo Moro (BARI, ITALIE), All Disciplines<\/li>\n\n\n\n<li>Universit\u00e0 degli studi di Salerno (SALERNO, ITALIE), All Disciplines<\/li>\n\n\n\n<li>Universit\u00e0 degli studi di Verona (VERONA, ITALIE), All Disciplines<\/li>\n\n\n\n<li>Institute of Technology Tallaght (DUBLIN, IRLANDE), All Disciplines<\/li>\n\n\n\n<li>University of Limerick (LIMERICK, IRLANDE), All Disciplines<\/li>\n\n\n\n<li>Vilniaus Universitetas (VILNIUS, LITUANIE), All Disciplines<\/li>\n\n\n\n<li>Universitetet I Oslo (OSLO, NORVEGE), All Disciplines<\/li>\n\n\n\n<li>Hogeschool van Arnhem en Nijmegen \/ HAN University of Applied Sciences (ARNHEM, PAYS-BAS), All Disciplines<\/li>\n\n\n\n<li>University of Minho (BRAGA, PORTUGAL), All Disciplines<\/li>\n\n\n\n<li>Instituto Politecnico de Coimbra (COIMBRA, PORTUGAL), All Disciplines<\/li>\n\n\n\n<li>Universidade de&nbsp; Lisboa (LISBOA, PORTUGAL), All Disciplines<\/li>\n\n\n\n<li>Politechnika Lubelska \/ Lublin University of Technology (LUBLIN, POLOGNE), All Disciplines<\/li>\n\n\n\n<li>Politechnika Warszawska (WARSZAWA, POLOGNE), All Disciplines<\/li>\n\n\n\n<li>Politechnika Wroclawska (WROCLAW, POLOGNE), All Disciplines<\/li>\n\n\n\n<li>Universitatea &#8220;Vasile Alecsandri&#8221;din Bacau (BACAU, ROUMANIE), All Disciplines<\/li>\n\n\n\n<li>Universitatea &#8220;Transilvania&#8221; din Brasov (BRASOV, ROUMANIE), All Disciplines<\/li>\n\n\n\n<li>Universitatea &#8220;Politehnica&#8221; din bucaresti (UPB) (BUCAREST, ROUMANIE), All Disciplines<\/li>\n\n\n\n<li>Universitatea Babe\u015f-Bolyai (CLUJ-NAPOCA, ROUMANIE), All Disciplines<\/li>\n\n\n\n<li>Universitatea &#8220;Ovidius&#8221; Constanta (CONSTANTA, ROUMANIE), All Disciplines<\/li>\n\n\n\n<li>Universit\u00e9 de Craiova (CRAIOVA, ROUMANIE), All Disciplines Universitatea &#8220;Dunarea de Jos&#8221; Din Galati (GALATI, ROUMANIE), All Disciplines<\/li>\n\n\n\n<li>Universitatea &#8220;Valahia&#8221; din Targoviste (D\u00c2MBOVITA, ROUMANIE), All Disciplines<\/li>\n\n\n\n<li>Universitatea de Vest din Timisoara (TIMISOARA, ROUMANIE), All Disciplines<\/li>\n\n\n\n<li>G\u00f6teborg Universitet (G\u00d6TEBORG, SUEDE), All Disciplines<\/li>\n\n\n\n<li>South-Eastern Finland University of Applied Sciences (Xamk) (MIKKELI, FINLANDE), All Disciplines <\/li>\n\n\n\n<li>Abo Akademy University (ABO, FINLANDE), All Disciplines<\/li>\n\n\n\n<li>Istanbul University (ISTANBUL, TURQUIE), All Disciplines<\/li>\n\n\n\n<li>Swansea University (SWANSEA, ROYAUME-UNI), All Disciplines<\/li>\n\n\n\n<li>Technische Universit\u00e4t Kaiserslautern (TUK, Germany), Disciplines: Information and Communication, Electronics and automation, Mathematics, Physics, Chemistry<\/li>\n\n\n\n<li>Universita degli studi di Salerno (Italy), Disciplines: Biochemistry\/Chemistry\/Food processing<\/li>\n\n\n\n<li>Universit\u00e9 de Li\u00e8ge Gembloux Agro-Bio Tech (Belgium), Disciplines: Chemical engineering and processes\/Food processing<\/li>\n\n\n\n<li>University of Chemistry and Techology UCT Prague (Czech Republic), Disciplines: Natural sciences, mathematics and statistics\/Engineering, manufacturing and construction<\/li>\n<\/ol>\n\n\n\n<h2 class=\"wp-block-heading\"><\/h2>\n","protected":false},"excerpt":{"rendered":"<p>Research Partners Academic Partners Double Degree programs: Student and Faculty Exchange programs: Erasmus + Cooperation Agreements:<\/p>\n","protected":false},"author":3,"featured_media":0,"parent":0,"menu_order":0,"comment_status":"closed","ping_status":"closed","template":"page-type.php","meta":{"_acf_changed":false,"footnotes":""},"class_list":["post-1008","page","type-page","status-publish","hentry"],"acf":[],"_links":{"self":[{"href":"https:\/\/gradschool.eiphi.ubfc.fr\/index.php?rest_route=\/wp\/v2\/pages\/1008","targetHints":{"allow":["GET"]}}],"collection":[{"href":"https:\/\/gradschool.eiphi.ubfc.fr\/index.php?rest_route=\/wp\/v2\/pages"}],"about":[{"href":"https:\/\/gradschool.eiphi.ubfc.fr\/index.php?rest_route=\/wp\/v2\/types\/page"}],"author":[{"embeddable":true,"href":"https:\/\/gradschool.eiphi.ubfc.fr\/index.php?rest_route=\/wp\/v2\/users\/3"}],"replies":[{"embeddable":true,"href":"https:\/\/gradschool.eiphi.ubfc.fr\/index.php?rest_route=%2Fwp%2Fv2%2Fcomments&post=1008"}],"version-history":[{"count":46,"href":"https:\/\/gradschool.eiphi.ubfc.fr\/index.php?rest_route=\/wp\/v2\/pages\/1008\/revisions"}],"predecessor-version":[{"id":4562,"href":"https:\/\/gradschool.eiphi.ubfc.fr\/index.php?rest_route=\/wp\/v2\/pages\/1008\/revisions\/4562"}],"wp:attachment":[{"href":"https:\/\/gradschool.eiphi.ubfc.fr\/index.php?rest_route=%2Fwp%2Fv2%2Fmedia&parent=1008"}],"curies":[{"name":"wp","href":"https:\/\/api.w.org\/{rel}","templated":true}]}}