{"id":49,"date":"2018-03-22T09:53:34","date_gmt":"2018-03-22T08:53:34","guid":{"rendered":"http:\/\/194.57.84.143\/?page_id=49"},"modified":"2021-08-16T11:17:48","modified_gmt":"2021-08-16T09:17:48","slug":"legal-notice","status":"publish","type":"page","link":"https:\/\/gradschool.eiphi.ubfc.fr\/?page_id=49","title":{"rendered":"Legal Notice"},"content":{"rendered":"<h3>Directeur de la publication :<\/h3>\n<p><a href=\"mailto:communication@ubfc.fr\">Dominique Grevey<\/a>, Pr\u00e9sident d\u2019UBFC 32 avenue de l\u2019Observatoire 25000 BESAN\u00c7ON<\/p>\n<div class=\"region region-content\">\n<div id=\"block-system-main\" class=\"block block-system\">\n<div class=\"content\">\n<div id=\"node-253\" class=\"node node-page clearfix\">\n<div class=\"content\">\n<div class=\"field field-name-body field-type-text-with-summary field-label-hidden\">\n<div class=\"field-items\">\n<div class=\"field-item even\">\n<h3>Responsable de la r\u00e9daction<\/h3>\n<p><a href=\"mailto:frederic.peneau@ubfc.fr\">Fr\u00e9d\u00e9ric P\u00e9neau<\/a>, UBFC, EIPHI Graduate School Project Manager<\/p>\n<h3>H\u00e9bergeur du site<\/h3>\n<p>UBFC<br \/>\n32 avenue de l\u2019Observatoire<br \/>\n25044 Besan\u00e7on Cedex<br \/>\n<em><a href=\"mailto:secretariat@ubfc.fr\">secretariat@ubfc.fr<\/a><br \/>\n03.63.08.26.50<\/em><\/p>\n<h3>Droits d\u2019auteur et copyright<\/h3>\n<p>Cr\u00e9dits photos : Ludovic Godard, UFC<\/p>\n<p>L\u2019ensemble de ce site rel\u00e8ve de la l\u00e9gislation fran\u00e7aise et internationale sur le droit d\u2019auteur et la propri\u00e9t\u00e9 intellectuelle. Tous les droits de reproduction sont r\u00e9serv\u00e9s, y compris pour les documents t\u00e9l\u00e9chargeables et les repr\u00e9sentations iconographiques et photographiques.<\/p>\n<p>Les liens hypertextes mis en place dans le cadre du pr\u00e9sent site web en direction d&#8217;autres ressources pr\u00e9sentes sur le r\u00e9seau internet, ne sauraient engager la responsabilit\u00e9 de la Comue UBFC<br \/>\nLes utilisateurs et visiteurs du site web ne peuvent mettre en place un hyperlien en direction de ce site sans l&#8217;autorisation expresse et pr\u00e9alable de l&#8217;UBFC. Pour cela merci d&#8217;adresser un courriel \u00e0 communication@ubfc.fr<\/p>\n<h3>Protection des informations nominatives<\/h3>\n<p>Ce site web comporte des informations nominatives. Conform\u00e9ment \u00e0 l\u2019article 34 de la loi Informatique et Libert\u00e9s du 6 janvier 1978, vous disposez d\u2019un droit d\u2019acc\u00e8s, de rectification et de suppression des donn\u00e9es vous concernant en ligne sur ce site.<br \/>\nPour exercer ce droit, il vous suffit de vous adresser au <a href=\"mailto:eiphi@ubfc.fr\">webmaster<\/a>.<\/p>\n<\/div>\n<\/div>\n<\/div>\n<\/div>\n<\/div>\n<\/div>\n<\/div>\n<\/div>\n","protected":false},"excerpt":{"rendered":"<p>Directeur de la publication : Dominique Grevey, Pr\u00e9sident d\u2019UBFC 32 avenue de l\u2019Observatoire 25000 BESAN\u00c7ON Responsable de la r\u00e9daction Fr\u00e9d\u00e9ric P\u00e9neau, UBFC, EIPHI Graduate School Project Manager H\u00e9bergeur du site UBFC 32 avenue de l\u2019Observatoire 25044 Besan\u00e7on Cedex secretariat@ubfc.fr 03.63.08.26.50 Droits d\u2019auteur et copyright Cr\u00e9dits photos : Ludovic Godard, UFC L\u2019ensemble de ce site rel\u00e8ve [&hellip;]<\/p>\n","protected":false},"author":3,"featured_media":0,"parent":0,"menu_order":0,"comment_status":"closed","ping_status":"closed","template":"page-type.php","meta":{"_acf_changed":false,"footnotes":""},"class_list":["post-49","page","type-page","status-publish","hentry"],"acf":[],"_links":{"self":[{"href":"https:\/\/gradschool.eiphi.ubfc.fr\/index.php?rest_route=\/wp\/v2\/pages\/49","targetHints":{"allow":["GET"]}}],"collection":[{"href":"https:\/\/gradschool.eiphi.ubfc.fr\/index.php?rest_route=\/wp\/v2\/pages"}],"about":[{"href":"https:\/\/gradschool.eiphi.ubfc.fr\/index.php?rest_route=\/wp\/v2\/types\/page"}],"author":[{"embeddable":true,"href":"https:\/\/gradschool.eiphi.ubfc.fr\/index.php?rest_route=\/wp\/v2\/users\/3"}],"replies":[{"embeddable":true,"href":"https:\/\/gradschool.eiphi.ubfc.fr\/index.php?rest_route=%2Fwp%2Fv2%2Fcomments&post=49"}],"version-history":[{"count":15,"href":"https:\/\/gradschool.eiphi.ubfc.fr\/index.php?rest_route=\/wp\/v2\/pages\/49\/revisions"}],"predecessor-version":[{"id":3210,"href":"https:\/\/gradschool.eiphi.ubfc.fr\/index.php?rest_route=\/wp\/v2\/pages\/49\/revisions\/3210"}],"wp:attachment":[{"href":"https:\/\/gradschool.eiphi.ubfc.fr\/index.php?rest_route=%2Fwp%2Fv2%2Fmedia&parent=49"}],"curies":[{"name":"wp","href":"https:\/\/api.w.org\/{rel}","templated":true}]}}